{"id":487,"date":"2008-08-10T21:23:11","date_gmt":"2008-08-10T19:23:11","guid":{"rendered":"http:\/\/trinekc.dk\/blog\/?page_id=487"},"modified":"2008-08-10T21:23:11","modified_gmt":"2008-08-10T19:23:11","slug":"om-geocaching","status":"publish","type":"page","link":"https:\/\/www.trinekc.dk\/blog\/om-geocaching\/","title":{"rendered":"Om geocaching"},"content":{"rendered":"<p>Geocaching er en sport som forener natur og teknik. Ved hj\u00e6lp af en GPS-modtager finder man skatte, eller cacher som vi kalder dem, ude i naturen. En cache er typisk en plastikb\u00f8tte eller lignende som indeholder en logbog og nogle bytteting af ringe v\u00e6rdi. Hvis man l\u00e6gger noget andet af samme v\u00e6rdi m\u00e5 man tage en ting fra cachen. S\u00e5 skriver man i logbogen og gemmer cachen igen. N\u00e5r man s\u00e5 kommer hjem logger man at man har fundet cachen p\u00e5 cachens hjemmeside p\u00e5 <a href=\"http:\/\/geocaching.com\">geocaching.com<\/a>.<\/p>\n<p>Der er flere forskellige slags caches. Nogle gange kan man k\u00f8re lige hen til cachen, andre gange skal man l\u00f8se opgaver p\u00e5 vejen og andre gange igen skal man have l\u00f8st en opgave hjemmefra. Men de fleste gange kr\u00e6ver det at man kommer ud og f\u00e5r noget frisk luft og noget motion. I dag er der lige knap 7000 skatte gemt rundt omkring i Danmark. Og ude til h\u00f8jre kan du se hvor mange vi har fundet.<\/p>\n<p>Hvis du selv har lyst til at pr\u00f8ve, skal du bare have fat i en GPS-modtager og registrere dig p\u00e5 <a href=\"http:\/\/geocaching.com\">geocaching.com<\/a>. S\u00e5 kan du finde koordinaterne til alle geocaches i hele verden og s\u00e5 er det bare at komme ud i naturen. Eller i byen, for der er ogs\u00e5 masser af caches i byerne.<\/p>\n<p>God tur, men pas p\u00e5 &#8211; det er vanedannende. :)<\/p>\n<p><a href='http:\/\/trinekc.dk\/blog\/wp-content\/uploads\/2008\/08\/img_1370.jpg'><img loading=\"lazy\" decoding=\"async\" src=\"http:\/\/trinekc.dk\/blog\/wp-content\/uploads\/2008\/08\/img_1370.jpg\" alt=\"Geocaching - Ellen 3 uger\" title=\"img_1370\" width=\"300\" height=\"218\" class=\"alignnone size-medium wp-image-488\" \/><\/a><br \/>\n<em>Siri, Ellen og jeg p\u00e5 en cachetur. Ellen er tre uger.<\/em><\/p>\n","protected":false},"excerpt":{"rendered":"<p>Geocaching er en sport som forener natur og teknik. Ved hj\u00e6lp af en GPS-modtager finder man skatte, eller cacher som vi kalder dem, ude i naturen. En cache er typisk en plastikb\u00f8tte eller lignende som indeholder en logbog og nogle bytteting af ringe v\u00e6rdi. Hvis man l\u00e6gger noget andet af samme v\u00e6rdi m\u00e5 man tage [&hellip;]<\/p>\n","protected":false},"author":1,"featured_media":0,"parent":0,"menu_order":0,"comment_status":"open","ping_status":"open","template":"","meta":{"footnotes":""},"class_list":["post-487","page","type-page","status-publish","hentry"],"_links":{"self":[{"href":"https:\/\/www.trinekc.dk\/blog\/wp-json\/wp\/v2\/pages\/487","targetHints":{"allow":["GET"]}}],"collection":[{"href":"https:\/\/www.trinekc.dk\/blog\/wp-json\/wp\/v2\/pages"}],"about":[{"href":"https:\/\/www.trinekc.dk\/blog\/wp-json\/wp\/v2\/types\/page"}],"author":[{"embeddable":true,"href":"https:\/\/www.trinekc.dk\/blog\/wp-json\/wp\/v2\/users\/1"}],"replies":[{"embeddable":true,"href":"https:\/\/www.trinekc.dk\/blog\/wp-json\/wp\/v2\/comments?post=487"}],"version-history":[{"count":0,"href":"https:\/\/www.trinekc.dk\/blog\/wp-json\/wp\/v2\/pages\/487\/revisions"}],"wp:attachment":[{"href":"https:\/\/www.trinekc.dk\/blog\/wp-json\/wp\/v2\/media?parent=487"}],"curies":[{"name":"wp","href":"https:\/\/api.w.org\/{rel}","templated":true}]}}