{"id":486,"date":"2008-08-10T21:06:24","date_gmt":"2008-08-10T19:06:24","guid":{"rendered":"http:\/\/trinekc.dk\/blog\/?page_id=486"},"modified":"2010-12-15T14:23:56","modified_gmt":"2010-12-15T12:23:56","slug":"om-mig","status":"publish","type":"page","link":"https:\/\/www.trinekc.dk\/blog\/om-mig\/","title":{"rendered":"Om mig"},"content":{"rendered":"<p><strong>Jeg <\/strong><\/p>\n<li>er 32 \u00e5r\n<li>er oprindeligt fra Biersted i Nordjylland\n<li>bor nu i et parcelhus i Ulstrup &#8211; det ligger ved Guden\u00e5en mellem Randers og Viborg\n<li>blev gift med <a href=\"http:\/\/kaarefc.dk\">K\u00e5re<\/a> <a href=\"http:\/\/trineogkaare.dk\">4. august 2001<\/a>\n<li>fik en datter, <a href=\"http:\/\/ellenkc.dk\">Ellen<\/a>, 20. marts 2008\n<li>venter n\u00e6ste barn 5. januar 2011\n<li>har en dejlig og stor newfoundl\u00e6ndert\u00e6ve, <a href=\"http:\/\/trinekc.dk\/siri.php\">Siri<\/a>\n<li>har g\u00e5et p\u00e5 <a href=\"http:\/\/www.thylands-ungdomsskole.dk\">Thylands Ungdomsskole<\/a> (93\/94) og <a href=\"http:\/\/lynghoj.dk\">Efterskolen p\u00e5 Lyngh\u00f8j<\/a> (94\/95)\n<li>er matematisk student fra <a href=\"http:\/\/www.hasseris-gym.dk\/\">Hasseris Gymnasium<\/a> &#8217;98, med matematik, fysik og biologi p\u00e5 h\u00f8jniveau\n<li>er <a href=\"http:\/\/www.hsminerva.dk\/sw606.asp\">markedsf\u00f8rings\u00f8konom<\/a> fra <a href=\"http:\/\/www.hsminerva.dk\/\">HS Minerva<\/a> i Randers\n<li><a href=\"http:\/\/geocaching.dk\/\">geocacher<\/a> lidt i ny og n\u00e6\n<li>l\u00e6ser en del <a href=\"http:\/\/trinekc.dk\/Boeger\/skoenlitteratur.php\">b\u00f8ger<\/a>, prim\u00e6rt fantasy\n<li>er absolut ikke tilfreds med den siddende regering\n<li>bruger st\u00f8rrelse 39 i sko og svingende st\u00f8rrelser i t\u00f8j\n<li>ser min fysioterapeut noget oftere end jeg har lyst til\n<li>hj\u00e6lper mine for\u00e6ldre med det tekniske ved deres <a href=\"http:\/\/butiktriane.dk\">webshop<\/a> og deres <a href=\"http:\/\/triane.dk\">hjemmeside<\/a>\n<li>er stor fan af <a href=\"http:\/\/www.imdb.com\/title\/tt0068098\/\">M*A*S*H<\/a>\n<li>er frygtelig n\u00e6rig\n<li>kan godt lide blomster og haver, men er ikke god nok til at g\u00f8re nok ved det\n<li>nyder at lave god mad &#8211; fra bunden &#8211; men synes en frossen pizza er fin i en sn\u00e6ver vending\n<li>bruger ALT for meget tid online<br \/>\n","protected":false},"excerpt":{"rendered":"<p>Jeg er 32 \u00e5r er oprindeligt fra Biersted i Nordjylland bor nu i et parcelhus i Ulstrup &#8211; det ligger ved Guden\u00e5en mellem Randers og Viborg blev gift med K\u00e5re 4. august 2001 fik en datter, Ellen, 20. marts 2008 venter n\u00e6ste barn 5. januar 2011 har en dejlig og stor newfoundl\u00e6ndert\u00e6ve, Siri har g\u00e5et [&hellip;]<\/p>\n","protected":false},"author":1,"featured_media":0,"parent":0,"menu_order":0,"comment_status":"open","ping_status":"open","template":"","meta":{"footnotes":""},"class_list":["post-486","page","type-page","status-publish","hentry"],"_links":{"self":[{"href":"https:\/\/www.trinekc.dk\/blog\/wp-json\/wp\/v2\/pages\/486","targetHints":{"allow":["GET"]}}],"collection":[{"href":"https:\/\/www.trinekc.dk\/blog\/wp-json\/wp\/v2\/pages"}],"about":[{"href":"https:\/\/www.trinekc.dk\/blog\/wp-json\/wp\/v2\/types\/page"}],"author":[{"embeddable":true,"href":"https:\/\/www.trinekc.dk\/blog\/wp-json\/wp\/v2\/users\/1"}],"replies":[{"embeddable":true,"href":"https:\/\/www.trinekc.dk\/blog\/wp-json\/wp\/v2\/comments?post=486"}],"version-history":[{"count":2,"href":"https:\/\/www.trinekc.dk\/blog\/wp-json\/wp\/v2\/pages\/486\/revisions"}],"predecessor-version":[{"id":1910,"href":"https:\/\/www.trinekc.dk\/blog\/wp-json\/wp\/v2\/pages\/486\/revisions\/1910"}],"wp:attachment":[{"href":"https:\/\/www.trinekc.dk\/blog\/wp-json\/wp\/v2\/media?parent=486"}],"curies":[{"name":"wp","href":"https:\/\/api.w.org\/{rel}","templated":true}]}}